{"id":1294,"date":"2021-09-16T07:49:43","date_gmt":"2021-09-16T05:49:43","guid":{"rendered":"http:\/\/liceulrasnov.rdsbv.ro\/wordpress\/?page_id=1294"},"modified":"2021-09-16T08:16:49","modified_gmt":"2021-09-16T06:16:49","slug":"catedra-limba-si-comunicare-limbi-straine","status":"publish","type":"page","link":"https:\/\/liceulrasnov.rdsbv.ro\/wordpress\/catedra-limba-si-comunicare-limbi-straine\/","title":{"rendered":"Catedra Limb\u0103 \u0219i comunicare \/ Limbi str\u0103ine"},"content":{"rendered":"<h3 style=\"text-align: center;\"><strong>_________________________________________________________________________________<\/strong><\/h3>\n<hr \/>\n<h3 style=\"text-align: center;\">Catedra Limb\u0103 \u0219i comunicare \/ Limbi str\u0103ine este \u00eempar\u021bit\u0103 \u00een urmatoarele subcomisii cu urm\u0103toarele componen\u021be:<\/h3>\n<ol>\n<li style=\"list-style-type: none;\">\n<ol>\n<li style=\"list-style-type: none;\">\n<ol>\n<li><strong>Limba rom\u00e2n\u0103: <\/strong>\u00a0 \u00a0 \u00a0 Stan Alina \/ B\u0103l\u0103\u0219oiu Valentina<\/li>\n<\/ol>\n<\/li>\n<\/ol>\n<\/li>\n<\/ol>\n<ul>\n<li style=\"list-style-type: none;\">\n<ul>\n<li style=\"list-style-type: none;\">\n<ul>\n<li style=\"list-style-type: none;\">\n<ul>\n<li style=\"list-style-type: none;\"><\/li>\n<\/ul>\n<\/li>\n<\/ul>\n<\/li>\n<\/ul>\n<\/li>\n<\/ul>\n<ol>\n<li style=\"list-style-type: none;\">\n<ol>\n<li style=\"list-style-type: none;\">\n<ol>\n<li><strong>Limba german\u0103:<\/strong>\u00a0 \u00a0 Munteanu Petronela<\/li>\n<li><strong>Limba englez\u0103:\u00a0 <\/strong>\u00a0 P\u00eetea Ionela<\/li>\n<li><strong>Limba francez\u0103:\u00a0 <\/strong>\u00a0Aghini\u021bei Laura<\/li>\n<\/ol>\n<\/li>\n<\/ol>\n<\/li>\n<\/ol>\n","protected":false},"excerpt":{"rendered":"<p>_________________________________________________________________________________ Catedra Limb\u0103 \u0219i comunicare \/ Limbi str\u0103ine este \u00eempar\u021bit\u0103 \u00een urmatoarele subcomisii cu urm\u0103toarele componen\u021be: Limba rom\u00e2n\u0103: \u00a0 \u00a0 &hellip; <\/p>\n","protected":false},"author":1,"featured_media":0,"parent":0,"menu_order":0,"comment_status":"closed","ping_status":"closed","template":"","meta":{"footnotes":""},"class_list":["post-1294","page","type-page","status-publish","hentry"],"_links":{"self":[{"href":"https:\/\/liceulrasnov.rdsbv.ro\/wordpress\/wp-json\/wp\/v2\/pages\/1294","targetHints":{"allow":["GET"]}}],"collection":[{"href":"https:\/\/liceulrasnov.rdsbv.ro\/wordpress\/wp-json\/wp\/v2\/pages"}],"about":[{"href":"https:\/\/liceulrasnov.rdsbv.ro\/wordpress\/wp-json\/wp\/v2\/types\/page"}],"author":[{"embeddable":true,"href":"https:\/\/liceulrasnov.rdsbv.ro\/wordpress\/wp-json\/wp\/v2\/users\/1"}],"replies":[{"embeddable":true,"href":"https:\/\/liceulrasnov.rdsbv.ro\/wordpress\/wp-json\/wp\/v2\/comments?post=1294"}],"version-history":[{"count":11,"href":"https:\/\/liceulrasnov.rdsbv.ro\/wordpress\/wp-json\/wp\/v2\/pages\/1294\/revisions"}],"predecessor-version":[{"id":1318,"href":"https:\/\/liceulrasnov.rdsbv.ro\/wordpress\/wp-json\/wp\/v2\/pages\/1294\/revisions\/1318"}],"wp:attachment":[{"href":"https:\/\/liceulrasnov.rdsbv.ro\/wordpress\/wp-json\/wp\/v2\/media?parent=1294"}],"curies":[{"name":"wp","href":"https:\/\/api.w.org\/{rel}","templated":true}]}}