{"id":225,"date":"2018-01-31T09:13:58","date_gmt":"2018-01-31T07:13:58","guid":{"rendered":"http:\/\/liceulrasnov.rdsbv.ro\/wordpress\/?page_id=225"},"modified":"2025-04-16T08:12:45","modified_gmt":"2025-04-16T06:12:45","slug":"proiecte","status":"publish","type":"page","link":"https:\/\/liceulrasnov.rdsbv.ro\/wordpress\/proiecte\/","title":{"rendered":"Proiecte"},"content":{"rendered":"<h3 class=\"title\">\u00cempreun\u0103 prindem curaj!\u00a0 <strong>PROGRAM DE PREVENIRE A VIOLEN\u021aEI \u00ceN MEDIUL \u0218COLAR<\/strong><\/h3>\n<ul>\n<li><em><strong><a href=\"https:\/\/youtu.be\/bSRWOHYbXP0\" target=\"_blank\" rel=\"noopener\">Proiectul &#8222;\u00cempreun\u0103 prindem curaj!&#8221; &#8211; Ianuarie 2025<\/a><\/strong><\/em><\/li>\n<li><a href=\"https:\/\/youtu.be\/TSKd1iW5MKA\" target=\"_blank\" rel=\"noopener\"><strong><em>Proiectul &#8222;\u00cempreun\u0103 prindem curaj!&#8221; Februarie 2025<\/em><\/strong><\/a><\/li>\n<li><a href=\"https:\/\/youtu.be\/_RcqFP9Ocww\" target=\"_blank\" rel=\"noopener\"><strong><em>Proiectul &#8222;\u00cempreun\u0103 prindem curaj!&#8221; Martie 2025<\/em><\/strong><\/a><\/li>\n<li><a href=\"https:\/\/youtu.be\/-m9k-kF2jug\" target=\"_blank\" rel=\"noopener\"><em><strong>Proiectul &#8222;\u00cempreun\u0103 prindem curaj!&#8221; Aprilie 2025<\/strong><\/em><\/a><\/li>\n<\/ul>\n<h3><a href=\"http:\/\/liceulrasnov.rdsbv.ro\/wordpress\/wp-content\/uploads\/2018\/01\/Mesajul-meu-antidrog.pdf\">Mesajul meu antidrog<\/a>\u00a0&#8211; <a href=\"https:\/\/www.youtube.com\/watch?v=_g6dKM_HwdQ&amp;feature=youtu.be\">Video<\/a><\/h3>\n<h3><a href=\"http:\/\/liceulrasnov.rdsbv.ro\/wordpress\/wp-content\/uploads\/2018\/01\/Sa\u0306-s\u0327tii-mai-multe-sa\u0306-fii-mai-bun.pdf\">Sa\u0306 s\u0327tii mai multe, sa\u0306 fii mai bun<\/a><\/h3>\n<h3><a href=\"http:\/\/liceulrasnov.rdsbv.ro\/wordpress\/arhiva-muresenilor\/\">Arhiva Mure\u0219enilor<\/a><\/h3>\n","protected":false},"excerpt":{"rendered":"<p>\u00cempreun\u0103 prindem curaj!\u00a0 PROGRAM DE PREVENIRE A VIOLEN\u021aEI \u00ceN MEDIUL \u0218COLAR Proiectul &#8222;\u00cempreun\u0103 prindem curaj!&#8221; &#8211; Ianuarie 2025 Proiectul &#8222;\u00cempreun\u0103 &hellip; <\/p>\n","protected":false},"author":1,"featured_media":0,"parent":0,"menu_order":0,"comment_status":"closed","ping_status":"closed","template":"","meta":{"footnotes":""},"class_list":["post-225","page","type-page","status-publish","hentry"],"_links":{"self":[{"href":"https:\/\/liceulrasnov.rdsbv.ro\/wordpress\/wp-json\/wp\/v2\/pages\/225","targetHints":{"allow":["GET"]}}],"collection":[{"href":"https:\/\/liceulrasnov.rdsbv.ro\/wordpress\/wp-json\/wp\/v2\/pages"}],"about":[{"href":"https:\/\/liceulrasnov.rdsbv.ro\/wordpress\/wp-json\/wp\/v2\/types\/page"}],"author":[{"embeddable":true,"href":"https:\/\/liceulrasnov.rdsbv.ro\/wordpress\/wp-json\/wp\/v2\/users\/1"}],"replies":[{"embeddable":true,"href":"https:\/\/liceulrasnov.rdsbv.ro\/wordpress\/wp-json\/wp\/v2\/comments?post=225"}],"version-history":[{"count":8,"href":"https:\/\/liceulrasnov.rdsbv.ro\/wordpress\/wp-json\/wp\/v2\/pages\/225\/revisions"}],"predecessor-version":[{"id":2280,"href":"https:\/\/liceulrasnov.rdsbv.ro\/wordpress\/wp-json\/wp\/v2\/pages\/225\/revisions\/2280"}],"wp:attachment":[{"href":"https:\/\/liceulrasnov.rdsbv.ro\/wordpress\/wp-json\/wp\/v2\/media?parent=225"}],"curies":[{"name":"wp","href":"https:\/\/api.w.org\/{rel}","templated":true}]}}