{"id":242,"date":"2018-01-31T09:22:04","date_gmt":"2018-01-31T07:22:04","guid":{"rendered":"http:\/\/liceulrasnov.rdsbv.ro\/wordpress\/?page_id=242"},"modified":"2018-01-31T17:59:04","modified_gmt":"2018-01-31T15:59:04","slug":"prezentare-generala","status":"publish","type":"page","link":"https:\/\/liceulrasnov.rdsbv.ro\/wordpress\/prezentare-generala\/","title":{"rendered":"Prezentare general\u0103"},"content":{"rendered":"<h2 style=\"text-align: left;\"><span style=\"color: #333399;\"><strong>ROSE &#8211; Romania Secondary Education Project <\/strong><\/span><br \/>\n<span style=\"color: #333399;\"> <strong>PROIECT PRIVIND \u00ceNV\u0102\u021a\u0102M\u00c2NTUL SECUNDAR<\/strong><\/span><\/h2>\n<p>Titlul proiectului: \u0218coal\u0103 Tehnologic\u0103 prin Educa\u021bie spre Performan\u021b\u0103 &#8211; S.T.E.P.<\/p>\n<p>ACORD DE GRANT \u2013 NR. SGL \/RI\/69 din 27.06.2017<\/p>\n<p>Proiectul ROSE &#8211; Romania Secondary Education Project, \u00ee\u0219i propune s\u0103 contribuie la reducerea abandonului \u00een \u00eenv\u0103\u021b\u0103m\u00e2ntul secundar \u0219i ter\u021biar \u0219i la cre\u0219terea ratei de promovare a examenului de bacalaureat.<\/p>\n<p style=\"padding-left: 60px;\">Structura proiectului cuprinde trei componente:<\/p>\n<p style=\"padding-left: 90px;\">I. Activit\u0103\u021bi pedagogice \u0219i de sprijin<\/p>\n<p style=\"padding-left: 90px;\">II. Activit\u0103\u021bi extracurriculare<\/p>\n<p style=\"padding-left: 90px;\">III. Activit\u0103\u021bi de renovare \u0219i dotare<\/p>\n","protected":false},"excerpt":{"rendered":"<p>ROSE &#8211; Romania Secondary Education Project PROIECT PRIVIND \u00ceNV\u0102\u021a\u0102M\u00c2NTUL SECUNDAR Titlul proiectului: \u0218coal\u0103 Tehnologic\u0103 prin Educa\u021bie spre Performan\u021b\u0103 &#8211; S.T.E.P. &hellip; <\/p>\n","protected":false},"author":1,"featured_media":0,"parent":0,"menu_order":0,"comment_status":"closed","ping_status":"closed","template":"","meta":{"footnotes":""},"class_list":["post-242","page","type-page","status-publish","hentry"],"_links":{"self":[{"href":"https:\/\/liceulrasnov.rdsbv.ro\/wordpress\/wp-json\/wp\/v2\/pages\/242","targetHints":{"allow":["GET"]}}],"collection":[{"href":"https:\/\/liceulrasnov.rdsbv.ro\/wordpress\/wp-json\/wp\/v2\/pages"}],"about":[{"href":"https:\/\/liceulrasnov.rdsbv.ro\/wordpress\/wp-json\/wp\/v2\/types\/page"}],"author":[{"embeddable":true,"href":"https:\/\/liceulrasnov.rdsbv.ro\/wordpress\/wp-json\/wp\/v2\/users\/1"}],"replies":[{"embeddable":true,"href":"https:\/\/liceulrasnov.rdsbv.ro\/wordpress\/wp-json\/wp\/v2\/comments?post=242"}],"version-history":[{"count":6,"href":"https:\/\/liceulrasnov.rdsbv.ro\/wordpress\/wp-json\/wp\/v2\/pages\/242\/revisions"}],"predecessor-version":[{"id":295,"href":"https:\/\/liceulrasnov.rdsbv.ro\/wordpress\/wp-json\/wp\/v2\/pages\/242\/revisions\/295"}],"wp:attachment":[{"href":"https:\/\/liceulrasnov.rdsbv.ro\/wordpress\/wp-json\/wp\/v2\/media?parent=242"}],"curies":[{"name":"wp","href":"https:\/\/api.w.org\/{rel}","templated":true}]}}