{"id":244,"date":"2018-01-31T09:22:04","date_gmt":"2018-01-31T07:22:04","guid":{"rendered":"http:\/\/liceulrasnov.rdsbv.ro\/wordpress\/?page_id=244"},"modified":"2018-01-31T19:54:33","modified_gmt":"2018-01-31T17:54:33","slug":"obiective","status":"publish","type":"page","link":"https:\/\/liceulrasnov.rdsbv.ro\/wordpress\/obiective\/","title":{"rendered":"Obiective"},"content":{"rendered":"<p><strong>Obiectiv general:<\/strong><\/p>\n<p>Cre\u0219terea interesului elevilor \u00een finalizarea liceului \u0219i a promov\u0103rii examenului de bacalaureat, \u00een vederea tranzi\u021biei la \u00eenv\u0103\u021b\u0103m\u00e2ntul ter\u021biar<\/p>\n<p><strong>Obiective specifice:<\/strong><\/p>\n<p>O.S.1. \u00cembun\u0103t\u0103\u021birea competen\u021belor unui num\u0103r de 80 elevi cu risc de abandon \u0219colar \u0219i \u0219anse sc\u0103zute de promovare din Liceul Tehnologic R\u00e2\u0219nov, prin activit\u0103\u021bi remediale, timp de 4 ani.<\/p>\n<p>O.S.2 . Dezvoltarea unui proces participativ la nivel de \u0219coal\u0103, \u00een vederea cre\u0219terii motiva\u021biei a 80 de elevi din Liceul Tehnologic R\u00e2\u0219nov, prin activit\u0103\u021bi extracurriculare, pe parcursul a 4 ani;<\/p>\n<p>O.S.3. Dezvoltarea abilit\u0103\u021bilor socio-emo\u021bionale pentru 80 elevi de la Liceul Tehnologic R\u00e2\u0219nov prin consiliere \u0219i orientare furnizat\u0103 pe durata ciclului liceal.<\/p>\n<p>O.S.4. Cre\u0219terea calit\u0103\u021bii procesului educa\u021bional prin dotarea cu mijloace TIC, pe parcursul derul\u0103rii proiectului<\/p>\n","protected":false},"excerpt":{"rendered":"<p>Obiectiv general: Cre\u0219terea interesului elevilor \u00een finalizarea liceului \u0219i a promov\u0103rii examenului de bacalaureat, \u00een vederea tranzi\u021biei la \u00eenv\u0103\u021b\u0103m\u00e2ntul ter\u021biar &hellip; <\/p>\n","protected":false},"author":1,"featured_media":0,"parent":0,"menu_order":0,"comment_status":"closed","ping_status":"closed","template":"","meta":{"footnotes":""},"class_list":["post-244","page","type-page","status-publish","hentry"],"_links":{"self":[{"href":"https:\/\/liceulrasnov.rdsbv.ro\/wordpress\/wp-json\/wp\/v2\/pages\/244","targetHints":{"allow":["GET"]}}],"collection":[{"href":"https:\/\/liceulrasnov.rdsbv.ro\/wordpress\/wp-json\/wp\/v2\/pages"}],"about":[{"href":"https:\/\/liceulrasnov.rdsbv.ro\/wordpress\/wp-json\/wp\/v2\/types\/page"}],"author":[{"embeddable":true,"href":"https:\/\/liceulrasnov.rdsbv.ro\/wordpress\/wp-json\/wp\/v2\/users\/1"}],"replies":[{"embeddable":true,"href":"https:\/\/liceulrasnov.rdsbv.ro\/wordpress\/wp-json\/wp\/v2\/comments?post=244"}],"version-history":[{"count":2,"href":"https:\/\/liceulrasnov.rdsbv.ro\/wordpress\/wp-json\/wp\/v2\/pages\/244\/revisions"}],"predecessor-version":[{"id":299,"href":"https:\/\/liceulrasnov.rdsbv.ro\/wordpress\/wp-json\/wp\/v2\/pages\/244\/revisions\/299"}],"wp:attachment":[{"href":"https:\/\/liceulrasnov.rdsbv.ro\/wordpress\/wp-json\/wp\/v2\/media?parent=244"}],"curies":[{"name":"wp","href":"https:\/\/api.w.org\/{rel}","templated":true}]}}