{"id":246,"date":"2018-01-31T09:22:04","date_gmt":"2018-01-31T07:22:04","guid":{"rendered":"http:\/\/liceulrasnov.rdsbv.ro\/wordpress\/?page_id=246"},"modified":"2018-01-31T20:14:06","modified_gmt":"2018-01-31T18:14:06","slug":"activitati-propuse","status":"publish","type":"page","link":"https:\/\/liceulrasnov.rdsbv.ro\/wordpress\/activitati-propuse\/","title":{"rendered":"Activit\u0103\u021bi propuse"},"content":{"rendered":"<p style=\"text-align: left;\">Activit\u0103\u021bile propuse prin proiect formeaz\u0103 o punte \u00eentre cuno\u0219tin\u021bele predate de profesori \u0219i punerea lor \u00een practic\u0103. Elevii beneficiaz\u0103 de competen\u021bele \u0219i con\u021binuturile educa\u021biei formale \u0219i au posibilitatea de aplicare a cuno\u0219tin\u021belor dob\u00e2ndite \u00een afara cadrului oficial. Efortul elevilor este stimulat prin formele variate de activit\u0103\u021bi, cu caracter formativ-educativ, care nu presupun acordarea de note \u0219i evaluarea riguroas\u0103, promoveaz\u0103 munca \u00een echip\u0103 \u0219i sunt dirijate de personal specializat, aflat \u00een str\u00e2ns\u0103 leg\u0103tur\u0103 cu p\u0103rin\u021bii, elevii, organiza\u021biile socioculturale sau economice.<\/p>\n<p><strong>Activit\u0103\u021bi pedagogice \u0219i de sprijin<\/strong><\/p>\n<p style=\"padding-left: 30px;\"><strong>Activitatea I.1<\/strong> : \u201c \u0218 coal\u0103 dup\u0103 \u0218coal\u0103 \u201d &#8211; preg\u0103tire suplimentar\u0103 pentru bacalaureat<\/p>\n<p>Obiectul activit\u0103\u021bii: sprijin pentru elevii grupului \u021bint\u0103 prin activit\u0103\u021bi de preg\u0103tire suplimentar\u0103 la disciplinele la care ace\u0219tia vor sus\u021bine examenul de bacalaureat<\/p>\n<p style=\"padding-left: 30px;\"><strong>Activitatea I.2<\/strong> : \u201cEu \u0219i viitoarea mea profesie\u201d \u2013 orientare profesional\u0103 privind cariera<\/p>\n<p>Obiectul activit\u0103\u021bii: Consilierea elevilor din grupul \u021bint\u0103 \u00een alegerea unei cariere \u00een concordan\u021b\u0103 cu profilul \u0219i orin\u021bele acestora.<\/p>\n<p style=\"padding-left: 30px;\"><strong>Activitatea I.3<\/strong>. Atelier de sprijin \u0219i preg\u0103tire on \u2013 line pentru disciplinele de bacalaureat;<\/p>\n<p>Obiectul activit\u0103\u021bii: Realizarea \u0219i utilizarea \u00een activit\u0103\u021bi remediale de preg\u0103tire suplimentar\u0103 a unei platforme de tip e-learning pentru disciplinele la care se sus\u021bine examenul de bacalaureat.<\/p>\n<p><strong>Activit\u0103\u021bi extracurriculare<\/strong><\/p>\n<p style=\"padding-left: 30px;\"><strong>Activitatea II.1<\/strong>. Organizarea unei excursii de documentare<\/p>\n<p>Obiectul activit\u0103\u021bii : excursie de documentare, cu 40 de elevi, selecta\u021bi pe baza rezultatelor ob\u021binute p\u00e2n\u0103 \u00een luna anterioar\u0103 desf\u0103\u0219ur\u0103rii excursiei.<\/p>\n<p style=\"padding-left: 30px;\"><strong>Activitatea II.2<\/strong>. \u201e S\u0103pt\u0103m\u00e2na Inform\u0103rii Profesionale\u201d \u2013 stagiu de practic\u0103<\/p>\n<p>Obiectul activit\u0103\u021bii: prezentarea \/ actualizarea cuno\u0219tin\u021belor privind competen\u021bele necesare practic\u0103rii unei anumite profesii<\/p>\n<p>Activit\u0103\u021bi de renovare \u0219i dotare<\/p>\n","protected":false},"excerpt":{"rendered":"<p>Activit\u0103\u021bile propuse prin proiect formeaz\u0103 o punte \u00eentre cuno\u0219tin\u021bele predate de profesori \u0219i punerea lor \u00een practic\u0103. Elevii beneficiaz\u0103 de &hellip; <\/p>\n","protected":false},"author":1,"featured_media":0,"parent":0,"menu_order":0,"comment_status":"closed","ping_status":"closed","template":"","meta":{"footnotes":""},"class_list":["post-246","page","type-page","status-publish","hentry"],"_links":{"self":[{"href":"https:\/\/liceulrasnov.rdsbv.ro\/wordpress\/wp-json\/wp\/v2\/pages\/246","targetHints":{"allow":["GET"]}}],"collection":[{"href":"https:\/\/liceulrasnov.rdsbv.ro\/wordpress\/wp-json\/wp\/v2\/pages"}],"about":[{"href":"https:\/\/liceulrasnov.rdsbv.ro\/wordpress\/wp-json\/wp\/v2\/types\/page"}],"author":[{"embeddable":true,"href":"https:\/\/liceulrasnov.rdsbv.ro\/wordpress\/wp-json\/wp\/v2\/users\/1"}],"replies":[{"embeddable":true,"href":"https:\/\/liceulrasnov.rdsbv.ro\/wordpress\/wp-json\/wp\/v2\/comments?post=246"}],"version-history":[{"count":3,"href":"https:\/\/liceulrasnov.rdsbv.ro\/wordpress\/wp-json\/wp\/v2\/pages\/246\/revisions"}],"predecessor-version":[{"id":305,"href":"https:\/\/liceulrasnov.rdsbv.ro\/wordpress\/wp-json\/wp\/v2\/pages\/246\/revisions\/305"}],"wp:attachment":[{"href":"https:\/\/liceulrasnov.rdsbv.ro\/wordpress\/wp-json\/wp\/v2\/media?parent=246"}],"curies":[{"name":"wp","href":"https:\/\/api.w.org\/{rel}","templated":true}]}}