{"id":248,"date":"2018-01-31T09:22:04","date_gmt":"2018-01-31T07:22:04","guid":{"rendered":"http:\/\/liceulrasnov.rdsbv.ro\/wordpress\/?page_id=248"},"modified":"2021-09-16T10:22:08","modified_gmt":"2021-09-16T08:22:08","slug":"catedra-tehnica","status":"publish","type":"page","link":"https:\/\/liceulrasnov.rdsbv.ro\/wordpress\/catedra-tehnica\/","title":{"rendered":"Catedra tehnic\u0103"},"content":{"rendered":"<h3>Catedra tehnic\u0103 este \u00eempar\u021bit\u0103 \u00een urmatoarele subcomisii cu urm\u0103toarele componen\u021be:<\/h3>\n<ol>\n<li>Mecanic\u0103\u00a0\n<ol>\n<li>Gon\u021bea Magdalena<\/li>\n<li>Corbo\u0219 Gabriela<\/li>\n<li>Du\u021b\u0103 Marius<\/li>\n<li>Bogdan Alexandru<\/li>\n<li>D\u00e2mbu Constantin<\/li>\n<\/ol>\n<\/li>\n<\/ol>\n<p>\u00a0<\/p>\n<ol>\n<li>Tehnologia informa\u021biei \u0219i a comunic\u0103rii\n<ol>\n<li>Ungureanu Laura<\/li>\n<\/ol>\n<\/li>\n<\/ol>\n<p>\u00a0<\/p>\n<ol>\n<li>Turism\n<ol>\n<li>Mihalache Pan\u021b\u0103 Georgiana<\/li>\n<li>Misic\u0103 Nicoleta<\/li>\n<li>Ludo\u0219an M\u0103lina<\/li>\n<\/ol>\n<\/li>\n<\/ol>\n<p>\u00a0<\/p>\n<p>\u00a0<\/p>\n\n\n<p><\/p>\n","protected":false},"excerpt":{"rendered":"<p>Catedra tehnic\u0103 este \u00eempar\u021bit\u0103 \u00een urmatoarele subcomisii cu urm\u0103toarele componen\u021be: Mecanic\u0103\u00a0 Gon\u021bea Magdalena Corbo\u0219 Gabriela Du\u021b\u0103 Marius Bogdan Alexandru D\u00e2mbu &hellip; <\/p>\n","protected":false},"author":1,"featured_media":0,"parent":0,"menu_order":0,"comment_status":"closed","ping_status":"closed","template":"","meta":{"footnotes":""},"class_list":["post-248","page","type-page","status-publish","hentry"],"_links":{"self":[{"href":"https:\/\/liceulrasnov.rdsbv.ro\/wordpress\/wp-json\/wp\/v2\/pages\/248","targetHints":{"allow":["GET"]}}],"collection":[{"href":"https:\/\/liceulrasnov.rdsbv.ro\/wordpress\/wp-json\/wp\/v2\/pages"}],"about":[{"href":"https:\/\/liceulrasnov.rdsbv.ro\/wordpress\/wp-json\/wp\/v2\/types\/page"}],"author":[{"embeddable":true,"href":"https:\/\/liceulrasnov.rdsbv.ro\/wordpress\/wp-json\/wp\/v2\/users\/1"}],"replies":[{"embeddable":true,"href":"https:\/\/liceulrasnov.rdsbv.ro\/wordpress\/wp-json\/wp\/v2\/comments?post=248"}],"version-history":[{"count":8,"href":"https:\/\/liceulrasnov.rdsbv.ro\/wordpress\/wp-json\/wp\/v2\/pages\/248\/revisions"}],"predecessor-version":[{"id":1333,"href":"https:\/\/liceulrasnov.rdsbv.ro\/wordpress\/wp-json\/wp\/v2\/pages\/248\/revisions\/1333"}],"wp:attachment":[{"href":"https:\/\/liceulrasnov.rdsbv.ro\/wordpress\/wp-json\/wp\/v2\/media?parent=248"}],"curies":[{"name":"wp","href":"https:\/\/api.w.org\/{rel}","templated":true}]}}