{"id":2489,"date":"2026-05-12T10:30:36","date_gmt":"2026-05-12T08:30:36","guid":{"rendered":"https:\/\/liceulrasnov.rdsbv.ro\/wordpress\/?page_id=2489"},"modified":"2026-05-12T10:40:48","modified_gmt":"2026-05-12T08:40:48","slug":"euro-200","status":"publish","type":"page","link":"https:\/\/liceulrasnov.rdsbv.ro\/wordpress\/diverse\/euro-200\/","title":{"rendered":"Euro 200"},"content":{"rendered":"<h2 style=\"text-align: center;\"><strong>ANUN\u021a<\/strong><\/h2>\n<p>In perioada 8-15 mai 2026, la secretariat se depun dosarele pentru acordarea unui ajutor financiar \u00een vederea achizi\u021bion\u0103rii de calculatoare &#8211; Programul ,,EURO 200\u201d.<\/p>\n<p>Beneficiarii acestui program sunt elevii\/studen\u021bii din \u00eenv\u0103\u021b\u0103m\u00e2ntul de stat care provin din familii cu venitul brut lunar pe membru de familie &#8211; mai mic sau egal cu 500 lei.<\/p>\n<p>Ajutorul se acord\u0103 o singur\u0103 dat\u0103 \u00een cadrul unei familii.<\/p>\n<p>Dosarul va cuprinde urm\u0103toarele documente:<\/p>\n<p>* Cerere- conform modelului anexat &#8211; completat\u0103 de un p\u0103rinte, tutore sau curator, dup\u0103 caz<\/p>\n<ol>\n<li>a) copie a certificatului de na\u0219tere sau a actului de identitate al elevului, \u00eempreun\u0103 cu o copie a actului de identitate al p\u0103rintelui\/ocrotitorului legal, precum \u0219i a actului care s\u0103 dovedeasc\u0103 calitatea de ocrotitor legal, dup\u0103 caz;<\/li>\n<li>b) copii ale certificatelor de na\u0219tere sau ale actelor de identitate, dup\u0103 caz, ale celorlal\u021bi membri ai familiei;<\/li>\n<li>c) adeverin\u021b\u0103 de la institu\u021biile de \u00eenv\u0103\u021b\u0103m\u00e2nt\/unit\u0103\u021bile din care s\u0103 rezulte calitatea de elev sau student a celorlal\u021bi fra\u021bi\/surori;<\/li>\n<li>d) acte doveditoare, \u00een original, privind veniturile membrilor familiei. (adeverin\u021be venit pentru fiecare membru al familiei, declara\u021bie pe propria r\u0103spundere pentru cei care nu realizeaz\u0103 venituri)<\/li>\n<li>e) declara\u021bie pe propria r\u0103spundere a p\u0103rintelui, tutorelui, reprezentantului legal sau a ocrotitorului legal, dup\u0103 caz, sau dat\u0103 personal de c\u0103tre persoanele cu v\u00e2rsta mai mare sau egal\u0103 cu 18 ani, \u00een sensul c\u0103 venitul brut lunar pe membru de familie se \u00eencadreaz\u0103 \u00een plafonul prev\u0103zut de art. 2 alin. (2) din Legea nr. 269\/2004 \u0219i c\u0103 dispun de diferen\u021ba de bani pentru achizi\u021bionarea unui calculator cu o configura\u021bie minim\u0103 standard.<\/li>\n<li>f) adeverin\u021b\u0103 eliberat\u0103 de c\u0103tre unitatea de \u00eenv\u0103\u021b\u0103m\u00e2nt din care s\u0103 rezulte media general\u0103\/calificativul din anul \u0219colar anterior depunerii cererii pentru acordarea unui ajutor financiar \u00een vederea stimul\u0103rii achizi\u021bion\u0103rii de calculatoare, pentru to\u021bi elevii, cu excep\u021bia elevilor clasei I.<\/li>\n<li>g) adeverin\u021b\u0103 eliberat\u0103 de c\u0103tre unitatea de \u00eenv\u0103\u021b\u0103m\u00e2nt din care s\u0103 rezulte num\u0103rul de absen\u021be nemotivate din anul \u0219colar anterior depunerii cererii pentru acordarea unui ajutor financiar \u00een vederea stimul\u0103rii achizi\u021bion\u0103rii de calculatoare, pentru to\u021bi elevii, cu excep\u021bia elevilor clasei I.<\/li>\n<\/ol>\n<p>** Documentele prev\u0103zute la lit. a) \u0219i b) se vor depune \u00een copie, cu condi\u021bia ca, la depunerea cererii, solicitantul s\u0103 prezinte \u0219i actele \u00een original.<\/p>\n<h2><span style=\"color: #3366ff;\"><strong>Documente utile:<\/strong><\/span><\/h2>\n<p><a href=\"https:\/\/liceulrasnov.rdsbv.ro\/wordpress\/wp-content\/uploads\/2026\/05\/calendar-euro-200-pentru-anul-2026.pdf\">Calendar-euro-200-pentru-anul-2026<\/a><\/p>\n<p><a href=\"https:\/\/liceulrasnov.rdsbv.ro\/wordpress\/wp-content\/uploads\/2026\/05\/Declaratie-pe-propria-raspundere_Euro200.doc\">Declaratie-pe-propria-raspundere_Euro200<\/a><\/p>\n<p><a href=\"https:\/\/liceulrasnov.rdsbv.ro\/wordpress\/wp-content\/uploads\/2026\/05\/H.G-395-04.05.2023-CUANTUM-EURO-200.pdf\">H.G-395-04.05.2023-CUANTUM-EURO-200<\/a><\/p>\n<p><a href=\"https:\/\/liceulrasnov.rdsbv.ro\/wordpress\/wp-content\/uploads\/2026\/05\/Ordin_3616-2026-Euro-200-1.pdf\">Ordin_3616-2026 Euro 200<\/a><\/p>\n<p><a href=\"https:\/\/liceulrasnov.rdsbv.ro\/wordpress\/wp-content\/uploads\/2026\/05\/Actualizare_2023_HG_1294_2004_Norme_metodologice_aplicare_L269_2004.pdf\">Actualizare_2023_HG_1294_2004_Norme_metodologice_aplicare_L269_2004<\/a><\/p>\n","protected":false},"excerpt":{"rendered":"<p>ANUN\u021a In perioada 8-15 mai 2026, la secretariat se depun dosarele pentru acordarea unui ajutor financiar \u00een vederea achizi\u021bion\u0103rii de &hellip; <\/p>\n","protected":false},"author":1,"featured_media":0,"parent":207,"menu_order":0,"comment_status":"closed","ping_status":"closed","template":"","meta":{"footnotes":""},"class_list":["post-2489","page","type-page","status-publish","hentry"],"_links":{"self":[{"href":"https:\/\/liceulrasnov.rdsbv.ro\/wordpress\/wp-json\/wp\/v2\/pages\/2489","targetHints":{"allow":["GET"]}}],"collection":[{"href":"https:\/\/liceulrasnov.rdsbv.ro\/wordpress\/wp-json\/wp\/v2\/pages"}],"about":[{"href":"https:\/\/liceulrasnov.rdsbv.ro\/wordpress\/wp-json\/wp\/v2\/types\/page"}],"author":[{"embeddable":true,"href":"https:\/\/liceulrasnov.rdsbv.ro\/wordpress\/wp-json\/wp\/v2\/users\/1"}],"replies":[{"embeddable":true,"href":"https:\/\/liceulrasnov.rdsbv.ro\/wordpress\/wp-json\/wp\/v2\/comments?post=2489"}],"version-history":[{"count":4,"href":"https:\/\/liceulrasnov.rdsbv.ro\/wordpress\/wp-json\/wp\/v2\/pages\/2489\/revisions"}],"predecessor-version":[{"id":2503,"href":"https:\/\/liceulrasnov.rdsbv.ro\/wordpress\/wp-json\/wp\/v2\/pages\/2489\/revisions\/2503"}],"up":[{"embeddable":true,"href":"https:\/\/liceulrasnov.rdsbv.ro\/wordpress\/wp-json\/wp\/v2\/pages\/207"}],"wp:attachment":[{"href":"https:\/\/liceulrasnov.rdsbv.ro\/wordpress\/wp-json\/wp\/v2\/media?parent=2489"}],"curies":[{"name":"wp","href":"https:\/\/api.w.org\/{rel}","templated":true}]}}