{"id":328,"date":"2018-01-31T21:23:06","date_gmt":"2018-01-31T19:23:06","guid":{"rendered":"http:\/\/liceulrasnov.rdsbv.ro\/wordpress\/?page_id=328"},"modified":"2018-01-31T21:23:06","modified_gmt":"2018-01-31T19:23:06","slug":"arhiva-muresenilor","status":"publish","type":"page","link":"https:\/\/liceulrasnov.rdsbv.ro\/wordpress\/arhiva-muresenilor\/","title":{"rendered":"Arhiva Mure\u0219enilor"},"content":{"rendered":"<h3 style=\"text-align: center;\">Proiect cultural<\/h3>\n<p style=\"text-align: center;\"><a href=\"http:\/\/liceulrasnov.rdsbv.ro\/wordpress\/wp-content\/uploads\/2018\/01\/Arhiva-Muresenilor.jpg\"><img fetchpriority=\"high\" decoding=\"async\" class=\"alignnone size-medium wp-image-326\" src=\"http:\/\/liceulrasnov.rdsbv.ro\/wordpress\/wp-content\/uploads\/2018\/01\/Arhiva-Muresenilor-210x300.jpg\" alt=\"\" width=\"210\" height=\"300\" srcset=\"https:\/\/liceulrasnov.rdsbv.ro\/wordpress\/wp-content\/uploads\/2018\/01\/Arhiva-Muresenilor-210x300.jpg 210w, https:\/\/liceulrasnov.rdsbv.ro\/wordpress\/wp-content\/uploads\/2018\/01\/Arhiva-Muresenilor-768x1096.jpg 768w, https:\/\/liceulrasnov.rdsbv.ro\/wordpress\/wp-content\/uploads\/2018\/01\/Arhiva-Muresenilor-717x1024.jpg 717w, https:\/\/liceulrasnov.rdsbv.ro\/wordpress\/wp-content\/uploads\/2018\/01\/Arhiva-Muresenilor-189x270.jpg 189w, https:\/\/liceulrasnov.rdsbv.ro\/wordpress\/wp-content\/uploads\/2018\/01\/Arhiva-Muresenilor.jpg 1755w\" sizes=\"(max-width: 210px) 100vw, 210px\" \/><\/a><\/p>\n<p>ARHIVA MURE\u0218ENILOR \u2013 Tezaur al patrimoniului cultural na\u021bional.<\/p>\n<p>Cre\u0219terea accesului la cultur\u0103 prin intermediul noilor tehnologii media<\/p>\n<p>Proiectul este derulat de Muzeul \u201dCasa Mure\u0219enilor\u201d Bra\u0219ov al\u0103turi de partenerii Colegiul de \u0218tiin\u021be ale Naturii \u201dEmil Racovi\u021b\u0103\u201d Bra\u0219ov, Liceul Tehnologic R\u00e2\u0219nov, Liceul Teoretic Codlea, Liceul Teoretic \u201dPetru Rare\u0219\u201d Feldioara, Liceul Teoretic \u201dGeorge Moroianu\u201d S\u0103cele.<\/p>\n<p>Proiect co-finan\u021bat de Administra\u021bia Fondului Cultural Na\u021bional, \u00een sesiunea de finan\u021bare III\/2015.<\/p>\n<p>Proiectul \u201eARHIVA MURE\u0218ENILOR \u2013 Tezaur al patrimoniului cultural na\u021bional. Cre\u0219terea accesului la cultur\u0103 prin intermediul noilor tehnologii media\u201d \u00ee\u0219i propune documentarea \u0219i crearea unor noi instrumente de promovare a unor valori patrimoniale deosebite \u00een r\u00e2ndul publicului \u021bint\u0103 format din elevii de liceu.<\/p>\n<p>\u00centr-o prim\u0103 etap\u0103 se va realiza selectarea \u0219i cercetarea a 2000 de documente, c\u0103r\u021bi po\u0219tale \u0219i fotografii de familie din Arhiva Mure\u0219enilor relevante pentru: istoria familiei Mure\u0219enilor (1838-1944), istoria Imnului Na\u021bional, istoria Gazetei Transilvaniei \u2013 cel mai logeviv ziar rom\u00e2nesc din Transilvania, istoria tipografiei Mure\u0219enilor (1888-1911), istoria dansului de societate ROMANA (1850), istoria vestimenta\u021biei \u00een secolele XIX-XX, tranzi\u021bia de la alfabetul chirilic la cel latin, istoria publicit\u0103\u021bii, istoria politic\u0103 a rom\u00e2nilor transilv\u0103neni \u2013 Pronunciamentul (1868) \u0219i Memoradul (1892).<\/p>\n<p>\u00cen a dou\u0103 etap\u0103 au fost realizate instrumente noi de comunicare site internet www.arhiva-muresenilor.ro\u0219i re\u021beaua de socializare \u2013www.facebook.com\/Arhiva-Muresenilor care s\u0103 permit\u0103 o abordare alternativ\u0103 \u0219i neconven\u021bional\u0103 de promovare a patrimoniului \u00een r\u00e2ndul elevilor de liceu.<\/p>\n<p>\u00cen a treia etap\u0103 vor avea loc activit\u0103\u021bi de instruire a personalului didactic din \u0219colile partenere din ora\u0219ul \u0219i jude\u021bul Bra\u0219ov, cu privire la noile instrumente de promovare a patrimoniului \u0219i modalit\u0103\u021bile practice de folosire a acestora la clas\u0103.<\/p>\n<p>\u00cen ultima etap\u0103 vor avea loc activit\u0103\u021bi practice de folosire a acestor instrumente noi de promovare a patrimoniului \u00een r\u00e2ndul tinerilor din grupul \u021bint\u0103.<\/p>\n","protected":false},"excerpt":{"rendered":"<p>Proiect cultural ARHIVA MURE\u0218ENILOR \u2013 Tezaur al patrimoniului cultural na\u021bional. Cre\u0219terea accesului la cultur\u0103 prin intermediul noilor tehnologii media Proiectul &hellip; <\/p>\n","protected":false},"author":1,"featured_media":0,"parent":0,"menu_order":0,"comment_status":"closed","ping_status":"closed","template":"","meta":{"footnotes":""},"class_list":["post-328","page","type-page","status-publish","hentry"],"_links":{"self":[{"href":"https:\/\/liceulrasnov.rdsbv.ro\/wordpress\/wp-json\/wp\/v2\/pages\/328","targetHints":{"allow":["GET"]}}],"collection":[{"href":"https:\/\/liceulrasnov.rdsbv.ro\/wordpress\/wp-json\/wp\/v2\/pages"}],"about":[{"href":"https:\/\/liceulrasnov.rdsbv.ro\/wordpress\/wp-json\/wp\/v2\/types\/page"}],"author":[{"embeddable":true,"href":"https:\/\/liceulrasnov.rdsbv.ro\/wordpress\/wp-json\/wp\/v2\/users\/1"}],"replies":[{"embeddable":true,"href":"https:\/\/liceulrasnov.rdsbv.ro\/wordpress\/wp-json\/wp\/v2\/comments?post=328"}],"version-history":[{"count":1,"href":"https:\/\/liceulrasnov.rdsbv.ro\/wordpress\/wp-json\/wp\/v2\/pages\/328\/revisions"}],"predecessor-version":[{"id":329,"href":"https:\/\/liceulrasnov.rdsbv.ro\/wordpress\/wp-json\/wp\/v2\/pages\/328\/revisions\/329"}],"wp:attachment":[{"href":"https:\/\/liceulrasnov.rdsbv.ro\/wordpress\/wp-json\/wp\/v2\/media?parent=328"}],"curies":[{"name":"wp","href":"https:\/\/api.w.org\/{rel}","templated":true}]}}