{"id":446,"date":"2018-03-27T10:18:16","date_gmt":"2018-03-27T08:18:16","guid":{"rendered":"http:\/\/liceulrasnov.rdsbv.ro\/wordpress\/?page_id=446"},"modified":"2025-10-10T13:45:56","modified_gmt":"2025-10-10T11:45:56","slug":"consiliul-de-administratie","status":"publish","type":"page","link":"https:\/\/liceulrasnov.rdsbv.ro\/wordpress\/consiliul-de-administratie\/","title":{"rendered":"Consiliul de administra\u021bie"},"content":{"rendered":"<h2><a href=\"https:\/\/liceulrasnov.rdsbv.ro\/wordpress\/wp-content\/uploads\/2025\/10\/Componenta-Consiliului-de-Administratie-pentru-anul-scolar-2025-2026.docx\" target=\"_blank\" rel=\"noopener\">Componen\u021ba Consiliului de Administra\u021bie &#8211; pentru anul \u0219colar 2025-2026<\/a><\/h2>\n<ol>\n<li>\n<h2>Atribu\u021bii<\/h2>\n<\/li>\n<li>\n<h2>Tematic\u0103<\/h2>\n<\/li>\n<li>\n<h2>Hot\u0103r\u00e2ri<\/h2>\n<\/li>\n<\/ol>\n\n\n<p><\/p>\n","protected":false},"excerpt":{"rendered":"<p>Componen\u021ba Consiliului de Administra\u021bie &#8211; pentru anul \u0219colar 2025-2026 Atribu\u021bii Tematic\u0103 Hot\u0103r\u00e2ri<\/p>\n","protected":false},"author":1,"featured_media":0,"parent":0,"menu_order":0,"comment_status":"closed","ping_status":"closed","template":"","meta":{"footnotes":""},"class_list":["post-446","page","type-page","status-publish","hentry"],"_links":{"self":[{"href":"https:\/\/liceulrasnov.rdsbv.ro\/wordpress\/wp-json\/wp\/v2\/pages\/446","targetHints":{"allow":["GET"]}}],"collection":[{"href":"https:\/\/liceulrasnov.rdsbv.ro\/wordpress\/wp-json\/wp\/v2\/pages"}],"about":[{"href":"https:\/\/liceulrasnov.rdsbv.ro\/wordpress\/wp-json\/wp\/v2\/types\/page"}],"author":[{"embeddable":true,"href":"https:\/\/liceulrasnov.rdsbv.ro\/wordpress\/wp-json\/wp\/v2\/users\/1"}],"replies":[{"embeddable":true,"href":"https:\/\/liceulrasnov.rdsbv.ro\/wordpress\/wp-json\/wp\/v2\/comments?post=446"}],"version-history":[{"count":16,"href":"https:\/\/liceulrasnov.rdsbv.ro\/wordpress\/wp-json\/wp\/v2\/pages\/446\/revisions"}],"predecessor-version":[{"id":2404,"href":"https:\/\/liceulrasnov.rdsbv.ro\/wordpress\/wp-json\/wp\/v2\/pages\/446\/revisions\/2404"}],"wp:attachment":[{"href":"https:\/\/liceulrasnov.rdsbv.ro\/wordpress\/wp-json\/wp\/v2\/media?parent=446"}],"curies":[{"name":"wp","href":"https:\/\/api.w.org\/{rel}","templated":true}]}}