{"id":582,"date":"2018-11-22T10:24:15","date_gmt":"2018-11-22T08:24:15","guid":{"rendered":"http:\/\/liceulrasnov.rdsbv.ro\/wordpress\/?page_id=582"},"modified":"2023-11-10T11:17:01","modified_gmt":"2023-11-10T09:17:01","slug":"cod-etica-liceul-tehnologic-rasnov","status":"publish","type":"page","link":"https:\/\/liceulrasnov.rdsbv.ro\/wordpress\/informatii-de-interes-public-si-transparenta-decizionala\/cod-etica-liceul-tehnologic-rasnov\/","title":{"rendered":"Cod etic\u0103"},"content":{"rendered":"<h1><\/h1>\n<h1 style=\"text-align: center;\"><a href=\"http:\/\/liceulrasnov.rdsbv.ro\/wordpress\/wp-content\/uploads\/2018\/11\/COD-ETICA-\u2013-LICEUL-TEHNOLOGIC-RASNOV-2018.pdf\" target=\"_blank\" rel=\"noopener\">Cod etic\u0103 \u2013 Liceul Tehnologic R\u00e2\u015fnov<\/a><\/h1>\n<h1 style=\"text-align: center;\"><a href=\"http:\/\/liceulrasnov.rdsbv.ro\/wordpress\/wp-content\/uploads\/2018\/11\/Decizie-privind-numirea-consilierului-de-etica.pdf\" target=\"_blank\" rel=\"noopener\">Decizie privind numirea consilierului de etic\u0103<\/a><\/h1>\n","protected":false},"excerpt":{"rendered":"<p>Cod etic\u0103 \u2013 Liceul Tehnologic R\u00e2\u015fnov Decizie privind numirea consilierului de etic\u0103<\/p>\n","protected":false},"author":1,"featured_media":0,"parent":452,"menu_order":0,"comment_status":"closed","ping_status":"closed","template":"","meta":{"footnotes":""},"class_list":["post-582","page","type-page","status-publish","hentry"],"_links":{"self":[{"href":"https:\/\/liceulrasnov.rdsbv.ro\/wordpress\/wp-json\/wp\/v2\/pages\/582","targetHints":{"allow":["GET"]}}],"collection":[{"href":"https:\/\/liceulrasnov.rdsbv.ro\/wordpress\/wp-json\/wp\/v2\/pages"}],"about":[{"href":"https:\/\/liceulrasnov.rdsbv.ro\/wordpress\/wp-json\/wp\/v2\/types\/page"}],"author":[{"embeddable":true,"href":"https:\/\/liceulrasnov.rdsbv.ro\/wordpress\/wp-json\/wp\/v2\/users\/1"}],"replies":[{"embeddable":true,"href":"https:\/\/liceulrasnov.rdsbv.ro\/wordpress\/wp-json\/wp\/v2\/comments?post=582"}],"version-history":[{"count":8,"href":"https:\/\/liceulrasnov.rdsbv.ro\/wordpress\/wp-json\/wp\/v2\/pages\/582\/revisions"}],"predecessor-version":[{"id":1965,"href":"https:\/\/liceulrasnov.rdsbv.ro\/wordpress\/wp-json\/wp\/v2\/pages\/582\/revisions\/1965"}],"up":[{"embeddable":true,"href":"https:\/\/liceulrasnov.rdsbv.ro\/wordpress\/wp-json\/wp\/v2\/pages\/452"}],"wp:attachment":[{"href":"https:\/\/liceulrasnov.rdsbv.ro\/wordpress\/wp-json\/wp\/v2\/media?parent=582"}],"curies":[{"name":"wp","href":"https:\/\/api.w.org\/{rel}","templated":true}]}}