{"id":59,"date":"2017-03-13T18:32:56","date_gmt":"2017-03-13T18:32:56","guid":{"rendered":"http:\/\/liceulrasnov.rdsbv.ro\/wordpress\/?page_id=59"},"modified":"2020-02-05T09:32:40","modified_gmt":"2020-02-05T07:32:40","slug":"istoric","status":"publish","type":"page","link":"https:\/\/liceulrasnov.rdsbv.ro\/wordpress\/istoric\/","title":{"rendered":"Istoric"},"content":{"rendered":"<h3 style=\"text-align: center;\"><strong>SCURT ISTORIC<\/strong><\/h3>\n<p>Liceu Teoretic al Intreprinderii de scule R\u00e2snov a luat fiin\u021b\u0103 \u00een anul 1922 sub denumirea de\u00a0 \u0218coala de ucenici industriali \u0219i comerciali.<\/p>\n<p>La \u00eenfiin\u021bare avea 27 de elevi \u0219i apar\u021binea de Ministerul Instructiunii publice. Apoi a apar\u021binut de M.I.C.M.U.E. av\u00e2nd un num\u0103r de 36 de clase.<\/p>\n<p>P\u00e2n\u0103 la actul na\u021bionaliz\u0103rii, aceasta \u0219coala a preg\u0103tit muncitori califica\u021bi pentru diverse ateliere particulare, instruirea practica a ucenicilor f\u0103c\u00e2ndu-se \u00een atelierele patronilor.<\/p>\n<p>Cu toate ca fondurile alocate de forul tutelar pentru \u00eentre\u021binere, au fost din ce \u00een ce tot mai mari, \u0219coala a \u00eent\u00e2mpinat an de an greut\u0103\u021bi tot mai mari \u00een preg\u0103tirea elevilor. Aceasta se datoreaz\u0103 \u00eemprejur\u0103rii c\u0103 \u00een timp ce condi\u021biile de \u0219colarizare \u0219i cazare au r\u0103mas acelea\u0219i, necesit\u0103\u021bile au crescut permanent (dac\u0103 \u00een 1949 au fost \u00eenmatricula\u021bi 50 de elevi, \u00een 1973 \u0219coala a instruit 1270 de elevi).<\/p>\n<p>Din anul \u0219colar 1974-1975 \u0219coala asimileaz\u0103 cursul liceal al fostului liceu teoretic din localitate, l\u0103rgind structura profilurilor (mecanica-electrotehnica) pornind astfel titulatura de liceu industrial.<\/p>\n<p>\u00cen anul 1978 lucr\u0103rile de construire a noii cl\u0103diri a \u0219colii, a atelierului \u0219coala \u0219i a celor doua internate sunt terminate \u0219i odat\u0103 cu ele problemele cauzate de lipsa spa\u021biului sunt rezolvate, astfel \u00eenc\u00e2t institu\u021bia \u00ee\u0219i poate afirma rolul esen\u021bial \u00een procesul instructiv-educativ al \u00eentregii zone.<\/p>\n<p>\u00cencep\u00e2nd cu 1990 \u0219coala parcurge o noua etapa de transformare. Prin diversificarea profilelor (uman, economic ,informatic, agroturism, bilingv-german, cursuri postliceale de turism \u0219i de mai\u0219tri) titulatura se schimba din nou din Liceu Industrial \u00een Grup \u0218colar Industrial iar \u00een 2013 \u00een Liceul Tehnologic R\u00e2\u0219nov.<\/p>\n<p>\u00cen paralel, schimb\u0103rile de ordin economic survenite \u00een peisajul industrial al localit\u0103\u021bii au cauzat dispari\u021bia internatelor dar \u0219i pierderea celor doua cl\u0103diri at\u00e2t de necesare pentru desf\u0103\u0219urarea orelor de curs.<\/p>\n<p>\u00cen pezent \u0219coala dispune numai de cl\u0103direa principala\u00a0 \u0219i de cl\u0103direa atelierelor care cuprinde \u0219i de o sala de sport la etaj. Problema deosebit de grava a spa\u021biului insuficient pentru orele de curs va fi solu\u021bionata\u00a0 prin etajarea a \u0219i extinderea \u00a0cl\u0103dirii atelierului \u0219coala \u00een cadrul proiectului Ministerului Educa\u021biei, Cercet\u0103rii \u0219i Tineretului de construire a\u00a0 Campusurilor \u0218colare \u0219i a \u0218colilor de Arte \u0219i Meserii.<\/p>\n<h3 style=\"text-align: center;\"><strong>PROFILUL PREZENT AL \u0218COLII<\/strong><\/h3>\n<h3><strong>PARTICULARIT\u0102\u021aI<\/strong><\/h3>\n<p>\u0218coala noastr\u0103 promoveaz\u0103 o educa\u021bie modern\u0103, oferind \u0219anse reale de reu\u0219it\u0103 profesional\u0103 prin valorificarea preg\u0103tirii \u0219i experien\u021bei dob\u00e2ndite prin activit\u0103\u021bi \u0219colare \u0219i extra\u0219colare.<\/p>\n<p><strong>Elemente specifice:<\/strong><\/p>\n<ul>\n<li>\u00a0Abordarea holistic\u0103 a elevului;<\/li>\n<li>\u00a0Dezvoltarea social\u0103;<\/li>\n<li>\u00a0Dezvoltarea spiritual\u0103;<\/li>\n<li>\u00a0Dezvoltarea fizic\u0103;<\/li>\n<li>\u00a0\u0218colarizarea elevilor din ora\u0219ul R\u00e2\u0219nov \u0219i din localit\u0103\u021bile limitrofe ( Bran, Moeciu, Z\u0103rne\u0219ti, Cristian, Poiana M\u0103rului, Bra\u0219ov). Elevii din alte localitati fac naveta zilnica sau stau \u00een gazda;<\/li>\n<li>\u00a0Elevii se deplaseaza la \u0219coala cu mijloace de transport \u00een comun;<\/li>\n<li>\u00a0Recrutarea \u0219i admiterea elevilor se realizeaza \u00een conformitate cu reglementarile legale elaborate de M.Ed.C.<\/li>\n<li>\u00a0Examenele de absolvire ale diferitelor forme de scolarizare se organizeaza conform reglementarilor elaborate de M.Ed.C;<\/li>\n<li>\u00a0Posturile didactice au fost ocupate \u00een conditiile prevazute \u00een statutul\u00a0 Personalului Didactic \u0219i ale reglementarilor M.Ed.C.<\/li>\n<li>\u00a0\u0218coala dispune de un Cabinet de asistenta Psihopedagogica modern dotat \u0219i utilat;<\/li>\n<\/ul>\n<p><strong>Relatiile dintre profesori \u0219i elevi bazate pe:<\/strong><\/p>\n<ul>\n<li>\u00a0Respectul reciproc;<\/li>\n<li>\u00a0Aprecierea \u0219i \u00eencurajarea elevului;<\/li>\n<li>\u00a0Promovarea prieteniei \u0219i \u00eencrederii reciproce;<\/li>\n<\/ul>\n<p><strong>Relatiile dintre profesori \u0219i parinti:<\/strong><\/p>\n<ul>\n<li>\u00a0\u0218coala \u2013 partenera \u00een procesul de educatie alaturi de familie;<\/li>\n<li>\u00a0Implicarea parintilor \u00een actiuni cu beneficii de ambele parti;<\/li>\n<\/ul>\n<p><strong>Relatiile scolii cu comunitatea \u0219i piata muncii:<\/strong><\/p>\n<ul>\n<li>\u00a0Pregatirea elevilor pentru viata ( crearea unui echilibru \u00eentre cererea \u0219i oferta de pe piata muncii);<\/li>\n<li>\u00a0Implicarea scolii \u00een activitatile comunitatii;<\/li>\n<li>\u00a0Orientarea scolara \u0219i profesionala a elevilor \u00een accord cu cerintele pietei muncii<\/li>\n<\/ul>\n<h3 style=\"text-align: center;\"><strong>CADRUL GEOGRAFIC \u0218I CULTURAL<\/strong><\/h3>\n<p><img decoding=\"async\" class=\"aligncenter\" src=\"http:\/\/liceulrasnov.rdsbv.ro\/images\/cadru%20geografic%20si%20cultural.jpg\" alt=\"cadrul geografic\" \/><\/p>\n<p><strong>Liceul Tehnologic R\u00e2\u0219nov<\/strong>\u00a0\u00a0 este situat \u00een mediul urban, \u00een orasul R\u00e2snov zona defavorizata cu aproximativ 16.000 locuitori.<\/p>\n<p>In partea superioara a\u00a0<strong>Tarii Barsei<\/strong>\u00a0la circa 15 Km de\u00a0<strong>orasul Brasov<\/strong>, pe vechiul drum comercial care lega (prin trecatoarea Bran) batr\u00e2na cetate de capitala de odinioara a Tarii Rom\u00e2nesti, C\u00e2mpulung Muscel, se afla\u00a0<strong>orasul R\u00e2snov<\/strong>, mentionat \u00een documentele medievale ca\u00a0<strong>oras-t\u00e2rg<\/strong>.<\/p>\n<p>Sapaturile arheologice ne arata ca \u00een epoca dacica, \u00een c\u00e2mpia tarilor B\u00e2rsei, \u00eencep\u00e2nd de la poalele muntilor Bucegi \u0219i Piatra Craiului p\u00e2na la Olt, <strong>dacii Cumidavensis<\/strong>\u00a0av\u00e2nd ca centru asezarea\u00a0<strong>Cumidava<\/strong>, mentionata \u0219i de geograful <strong>Claudius Ptolomeus pe harta sa Polis<\/strong>, cetate situata pe teritoriul agricol al orasului R\u00e2snov la circa 500 metri est de\u00a0<strong>p\u00e2r\u00e2ul B\u00e2rsa.<\/strong><\/p>\n<p><strong>Romanii au cucerit Dacia<\/strong> , ajung\u00e2nd cu stap\u00e2nirea lor \u00een aceste parti, ei au construit alaturi de asezarea dacica Cumidava, un castru \u00een care au stationat dacii recrutati din localitatea \u0219i regiunea Cumidava, alcatuind o unitate de soldati auxiliari (denumita\u00a0<strong>\u201cCohors VI Nova Cumidavensium Alexandriana<\/strong>\u201c) atestata de o inscriptie \u00een sec al III lea e.n.<\/p>\n<p><strong>\u00a0Mentionare documentara R\u00e2snov<\/strong><\/p>\n<p>R\u00e2snovul este mentionat documentar pentru prima data in\u00a0<strong>anul 1331<\/strong>, iar in Evul Mediu \u0219i \u00een epoca moderna se numara printre cele 12 sate ce formau <strong>districtul Brasov<\/strong>\u00a0pomenit \u00een documente la 1377. Amplasarea orasului R\u00e2snov pe drumul comercial ce lega\u00a0<strong>Transilvania<\/strong>\u00a0de\u00a0<strong>Tara Rom\u00e2neasca<\/strong>\u00a0i-a asigurat o dezvoltare economica timpurie. Asezarea a fost \u00een primul r\u00e2nd un\u00a0<strong>centru comercial de tranzit<\/strong>\u00a0\u00eenca din 1427, cu drept de t\u00e2rg saptam\u00e2nal acordat de regele\u00a0<strong>Sigismund de Luxemburg<\/strong> \u0219i care \u0219i-a pastrat\u00a0 importanta vecinatatii Brasovului, cel mai important centru comercial din sudul Transilvaniei \u00een relatiile cu sud-estul Europei.<\/p>\n","protected":false},"excerpt":{"rendered":"<p>SCURT ISTORIC Liceu Teoretic al Intreprinderii de scule R\u00e2snov a luat fiin\u021b\u0103 \u00een anul 1922 sub denumirea de\u00a0 \u0218coala de &hellip; <\/p>\n","protected":false},"author":1,"featured_media":0,"parent":0,"menu_order":0,"comment_status":"closed","ping_status":"closed","template":"","meta":{"footnotes":""},"class_list":["post-59","page","type-page","status-publish","hentry"],"_links":{"self":[{"href":"https:\/\/liceulrasnov.rdsbv.ro\/wordpress\/wp-json\/wp\/v2\/pages\/59","targetHints":{"allow":["GET"]}}],"collection":[{"href":"https:\/\/liceulrasnov.rdsbv.ro\/wordpress\/wp-json\/wp\/v2\/pages"}],"about":[{"href":"https:\/\/liceulrasnov.rdsbv.ro\/wordpress\/wp-json\/wp\/v2\/types\/page"}],"author":[{"embeddable":true,"href":"https:\/\/liceulrasnov.rdsbv.ro\/wordpress\/wp-json\/wp\/v2\/users\/1"}],"replies":[{"embeddable":true,"href":"https:\/\/liceulrasnov.rdsbv.ro\/wordpress\/wp-json\/wp\/v2\/comments?post=59"}],"version-history":[{"count":6,"href":"https:\/\/liceulrasnov.rdsbv.ro\/wordpress\/wp-json\/wp\/v2\/pages\/59\/revisions"}],"predecessor-version":[{"id":919,"href":"https:\/\/liceulrasnov.rdsbv.ro\/wordpress\/wp-json\/wp\/v2\/pages\/59\/revisions\/919"}],"wp:attachment":[{"href":"https:\/\/liceulrasnov.rdsbv.ro\/wordpress\/wp-json\/wp\/v2\/media?parent=59"}],"curies":[{"name":"wp","href":"https:\/\/api.w.org\/{rel}","templated":true}]}}