{"id":88,"date":"2017-09-26T13:35:26","date_gmt":"2017-09-26T13:35:26","guid":{"rendered":"http:\/\/liceulrasnov.rdsbv.ro\/wordpress\/?page_id=88"},"modified":"2026-05-12T10:38:48","modified_gmt":"2026-05-12T08:38:48","slug":"noutati","status":"publish","type":"page","link":"https:\/\/liceulrasnov.rdsbv.ro\/wordpress\/","title":{"rendered":"Nout\u0103\u021bi"},"content":{"rendered":"\n<p><strong><a href=\"https:\/\/liceulrasnov.rdsbv.ro\/wordpress\/diverse\/euro-200\/\" data-type=\"page\" data-id=\"2489\">Euro 200<\/a><\/strong><\/p>\n\n\n\n<div id=\"wp-block-file--media-f941a885-3963-4481-bb37-b1764b017d49\" class=\"wp-block-file\"><a id=\"wp-block-file--media-e35d12dc-ad8f-40d1-b689-1a2c76837955\" href=\"https:\/\/liceulrasnov.rdsbv.ro\/wordpress\/wp-content\/uploads\/2026\/04\/Prezentare-admitere-2026-2027.pptx\" target=\"_blank\" rel=\"noreferrer noopener\">PowerPoint_<strong>Prezentare admitere 2026-2027<\/strong><\/a><a href=\"https:\/\/liceulrasnov.rdsbv.ro\/wordpress\/wp-content\/uploads\/2026\/04\/Prezentare-admitere-2026-2027.pptx\" class=\"wp-block-file__button wp-element-button\" download aria-describedby=\"wp-block-file--media-e35d12dc-ad8f-40d1-b689-1a2c76837955\">Descarc\u0103<\/a><\/div>\n\n\n\n<div id=\"wp-block-file--media-f941a885-3963-4481-bb37-b1764b017d49\" class=\"wp-block-file\"><a id=\"wp-block-file--media-e35d12dc-ad8f-40d1-b689-1a2c76837955\" href=\"https:\/\/liceulrasnov.rdsbv.ro\/wordpress\/wp-content\/uploads\/2026\/04\/Prezentare-admitere-2026-2027.pdf\" target=\"_blank\" rel=\"noreferrer noopener\"><strong>Prezentare admitere 2026-2027<\/strong><\/a><a href=\"https:\/\/liceulrasnov.rdsbv.ro\/wordpress\/wp-content\/uploads\/2026\/04\/Prezentare-admitere-2026-2027.pdf\" class=\"wp-block-file__button wp-element-button\" download aria-describedby=\"wp-block-file--media-e35d12dc-ad8f-40d1-b689-1a2c76837955\">Descarc\u0103<\/a><\/div>\n\n\n\n<div id=\"wp-block-file--media-f941a885-3963-4481-bb37-b1764b017d49\" class=\"wp-block-file\"><a id=\"wp-block-file--media-a52762d1-222e-490d-a7ed-89218ab63eb3\" href=\"https:\/\/liceulrasnov.rdsbv.ro\/wordpress\/wp-content\/uploads\/2026\/04\/Parcurs-liceu-tehnologic.pdf\" target=\"_blank\" rel=\"noreferrer noopener\"><strong>Parcurs Liceu Tehnologic Rasnov<\/strong><\/a><a href=\"https:\/\/liceulrasnov.rdsbv.ro\/wordpress\/wp-content\/uploads\/2026\/04\/Parcurs-liceu-tehnologic.pdf\" class=\"wp-block-file__button wp-element-button\" download aria-describedby=\"wp-block-file--media-a52762d1-222e-490d-a7ed-89218ab63eb3\">Descarc\u0103<\/a><\/div>\n\n\n<p><img decoding=\"async\" title=\"Inscriere CP 2027\" src=\"https:\/\/liceulrasnov.rdsbv.ro\/wordpress\/wp-content\/uploads\/elementor\/thumbs\/Inscriere-CP-2027-rk44pfff7thbjb20c4xkdhr28w98tinkm6ziiyhme8.png\" alt=\"Inscriere CP 2027\" \/><\/p>\n<h4><a href=\"https:\/\/liceulrasnov.rdsbv.ro\/wordpress\/wp-content\/uploads\/2026\/03\/Calendarul-inscrierii-pentru-clasa-pregatitoare-2026.odt\">Calendarul i\u0302nscrierii pentru clasa prega\u0306titoare 2026<\/a><\/h4>\n<p><strong><a href=\"https:\/\/liceulrasnov.rdsbv.ro\/wordpress\/wp-content\/uploads\/2026\/03\/OMEC-3334.pdf\">OMEC 3334<\/a><\/strong><\/p>\n<p><strong><a href=\"https:\/\/liceulrasnov.rdsbv.ro\/wordpress\/wp-content\/uploads\/2026\/03\/Oferta-scolarizare.pdf\">Oferta scolarizare<\/a><\/strong><\/p>\n<p><strong><a href=\"https:\/\/liceulrasnov.rdsbv.ro\/wordpress\/wp-content\/uploads\/2026\/03\/Strazi-arondate.pdf\">Strazi arondate<\/a><\/strong><\/p>\n<p><strong><a href=\"https:\/\/liceulrasnov.rdsbv.ro\/wordpress\/wp-content\/uploads\/2026\/03\/Sinteza-principalelor-elemente-cuprinse-in-calendarul-si-metodologia.odt\">Sinteza principalelor elemente cuprinse i\u0302n calendarul s\u0326i metodologia<\/a><\/strong><\/p>\n\n\n<div id=\"wp-block-file--media-fa4f786a-dde1-4528-87f6-140eb195bece\" class=\"wp-block-file\"><a id=\"wp-block-file--media-fa4f786a-dde1-4528-87f6-140eb195bece\" href=\"https:\/\/liceulrasnov.rdsbv.ro\/wordpress\/wp-content\/uploads\/2026\/01\/HG-nr.-732-2025-aprobare-Metodologie-burse-2025-2026.pdf\" target=\"_blank\" rel=\"noreferrer noopener\"><strong>HG nr. 732 2025 aprobare Metodologie burse 2025-2026<\/strong><\/a><a href=\"https:\/\/liceulrasnov.rdsbv.ro\/wordpress\/wp-content\/uploads\/2026\/01\/HG-nr.-732-2025-aprobare-Metodologie-burse-2025-2026.pdf\" class=\"wp-block-file__button wp-element-button\" download aria-describedby=\"wp-block-file--media-fa4f786a-dde1-4528-87f6-140eb195bece\">Descarc\u0103<\/a><\/div>\n\n\n\n<p class=\"has-text-align-center\"><\/p>\n\n\n\n<div id=\"wp-block-file--media-f941a885-3963-4481-bb37-b1764b017d49\" class=\"wp-block-file\"><a id=\"wp-block-file--media-f941a885-3963-4481-bb37-b1764b017d49\" href=\"https:\/\/liceulrasnov.rdsbv.ro\/wordpress\/wp-content\/uploads\/2025\/09\/Hot-732_2025_BURSE.pdf\" target=\"_blank\" rel=\"noreferrer noopener\"><strong>Metodologie burse &#8211; Hot 732_2025_BURSE<\/strong><\/a><a href=\"https:\/\/liceulrasnov.rdsbv.ro\/wordpress\/wp-content\/uploads\/2025\/09\/Hot-732_2025_BURSE.pdf\" class=\"wp-block-file__button wp-element-button\" download aria-describedby=\"wp-block-file--media-f941a885-3963-4481-bb37-b1764b017d49\">Descarc\u0103<\/a><\/div>\n\n\n\n<div id=\"wp-block-file--media-96f7b9e0-b407-4688-bb9c-01e62f26e2a4\" class=\"wp-block-file\"><a id=\"wp-block-file--media-96f7b9e0-b407-4688-bb9c-01e62f26e2a4\" href=\"https:\/\/liceulrasnov.rdsbv.ro\/wordpress\/wp-content\/uploads\/2025\/09\/Anunt-burse-scolare-2025-2026.pdf\" target=\"_blank\" rel=\"noreferrer noopener\"><strong>Anunt\u0326 burse s\u0326colare 2025-2026<\/strong><\/a><a href=\"https:\/\/liceulrasnov.rdsbv.ro\/wordpress\/wp-content\/uploads\/2025\/09\/Anunt-burse-scolare-2025-2026.pdf\" class=\"wp-block-file__button wp-element-button\" download aria-describedby=\"wp-block-file--media-96f7b9e0-b407-4688-bb9c-01e62f26e2a4\">Descarc\u0103<\/a><\/div>\n\n\n\n<hr class=\"wp-block-separator has-alpha-channel-opacity\"\/>\n\n\n\n<h3 class=\"wp-block-heading\" id=\"fii-alaturi-de-noi-in-lupta-pentru-drepturile-elevilor-romani\"><strong><a href=\"https:\/\/www.facebook.com\/206289506098528\/posts\/2816400068420779\/\" target=\"_blank\" rel=\"noreferrer noopener\" aria-label=\"Fii al\u0103turi de noi \u00een lupta pentru drepturile elevilor rom\u00e2ni! (se deschide \u00eentr-o fil\u0103 nou\u0103)\">Fii al\u0103turi de noi \u00een lupta pentru drepturile elevilor rom\u00e2ni!<\/a><\/strong><\/h3>\n\n\n\n<div style=\"height:100px\" aria-hidden=\"true\" class=\"wp-block-spacer\"><\/div>\n\n\n\n<p>&nbsp;<\/p>\n\n\n\n<p><\/p>\n","protected":false},"excerpt":{"rendered":"<p>Euro 200 Calendarul i\u0302nscrierii pentru clasa prega\u0306titoare 2026 OMEC 3334 Oferta scolarizare Strazi arondate Sinteza principalelor elemente cuprinse i\u0302n calendarul &hellip; <\/p>\n","protected":false},"author":1,"featured_media":0,"parent":0,"menu_order":0,"comment_status":"closed","ping_status":"closed","template":"","meta":{"footnotes":""},"class_list":["post-88","page","type-page","status-publish","hentry"],"_links":{"self":[{"href":"https:\/\/liceulrasnov.rdsbv.ro\/wordpress\/wp-json\/wp\/v2\/pages\/88","targetHints":{"allow":["GET"]}}],"collection":[{"href":"https:\/\/liceulrasnov.rdsbv.ro\/wordpress\/wp-json\/wp\/v2\/pages"}],"about":[{"href":"https:\/\/liceulrasnov.rdsbv.ro\/wordpress\/wp-json\/wp\/v2\/types\/page"}],"author":[{"embeddable":true,"href":"https:\/\/liceulrasnov.rdsbv.ro\/wordpress\/wp-json\/wp\/v2\/users\/1"}],"replies":[{"embeddable":true,"href":"https:\/\/liceulrasnov.rdsbv.ro\/wordpress\/wp-json\/wp\/v2\/comments?post=88"}],"version-history":[{"count":516,"href":"https:\/\/liceulrasnov.rdsbv.ro\/wordpress\/wp-json\/wp\/v2\/pages\/88\/revisions"}],"predecessor-version":[{"id":2501,"href":"https:\/\/liceulrasnov.rdsbv.ro\/wordpress\/wp-json\/wp\/v2\/pages\/88\/revisions\/2501"}],"wp:attachment":[{"href":"https:\/\/liceulrasnov.rdsbv.ro\/wordpress\/wp-json\/wp\/v2\/media?parent=88"}],"curies":[{"name":"wp","href":"https:\/\/api.w.org\/{rel}","templated":true}]}}