{"id":90,"date":"2017-09-26T13:35:26","date_gmt":"2017-09-26T11:35:26","guid":{"rendered":"http:\/\/liceulrasnov.rdsbv.ro\/wordpress\/?page_id=90"},"modified":"2026-04-20T11:32:06","modified_gmt":"2026-04-20T09:32:06","slug":"oferta-scolara","status":"publish","type":"page","link":"https:\/\/liceulrasnov.rdsbv.ro\/wordpress\/oferta-scolara\/","title":{"rendered":"Oferta \u0219colar\u0103"},"content":{"rendered":"\n<p class=\"has-text-align-center\" style=\"font-size:24px\"><strong>Ofert\u0103 Educa\u021bional\u0103: Anul \u0218colar 2026-2027<\/strong><\/p>\n\n\n\n<p class=\"has-text-align-center\"><strong><em>&#8222;\u00cempreun\u0103 preg\u0103tim viitorul!&#8221;<\/em><\/strong><\/p>\n\n\n\n<hr class=\"wp-block-separator has-alpha-channel-opacity\"\/>\n\n\n\n<p><strong>1. \u00cenv\u0103\u021b\u0103m\u00e2nt Primar <\/strong><strong>\ud83d\udcda<\/strong><\/p>\n\n\n\n<p>Destinat form\u0103rii primelor competen\u021be:<\/p>\n\n\n\n<figure class=\"wp-block-table\"><table class=\"has-fixed-layout\"><thead><tr><td class=\"has-text-align-center\" data-align=\"center\"><strong>Unitatea de \u00cenv\u0103\u021b\u0103m\u00e2nt<\/strong><\/td><td class=\"has-text-align-center\" data-align=\"center\"><strong>Clasa<\/strong><\/td><td class=\"has-text-align-center\" data-align=\"center\"><strong>Nr. Clase<\/strong><\/td><td class=\"has-text-align-center\" data-align=\"center\"><strong>Nr. Locuri<\/strong><\/td><\/tr><\/thead><tbody><tr><td class=\"has-text-align-center\" data-align=\"center\"><strong>\u0218coala Gimnazial\u0103<\/strong><\/td><td class=\"has-text-align-center\" data-align=\"center\">Clasa preg\u0103titoare<\/td><td class=\"has-text-align-center\" data-align=\"center\">3<\/td><td class=\"has-text-align-center\" data-align=\"center\">72<\/td><\/tr><\/tbody><\/table><\/figure>\n\n\n\n<hr class=\"wp-block-separator has-alpha-channel-opacity\"\/>\n\n\n\n<p><strong>2. Nivel Liceal<\/strong> <strong>\ud83d\udee0\ufe0f<\/strong><\/p>\n\n\n\n<figure class=\"wp-block-table\"><table class=\"has-fixed-layout\"><thead><tr><td class=\"has-text-align-center\" data-align=\"center\"><strong>Filier\u0103 \/ Profil<\/strong><\/td><td class=\"has-text-align-center\" data-align=\"center\"><strong>Specializare<\/strong><\/td><td class=\"has-text-align-center\" data-align=\"center\"><strong>Clasa<\/strong><\/td><td class=\"has-text-align-center\" data-align=\"center\"><strong>Nr. Clase<\/strong><\/td><td class=\"has-text-align-center\" data-align=\"center\"><strong>Nr. Locuri<\/strong><\/td><\/tr><\/thead><tbody><tr><td class=\"has-text-align-center\" data-align=\"center\"><strong>Tehnologic\u0103 \/ Tehnic<\/strong><\/td><td class=\"has-text-align-center\" data-align=\"center\">Tehnician prelucr\u0103ri pe ma\u0219ini cu comand\u0103 numeric\u0103<\/td><td class=\"has-text-align-center\" data-align=\"center\">a IX-a<\/td><td class=\"has-text-align-center\" data-align=\"center\">1<\/td><td class=\"has-text-align-center\" data-align=\"center\">28<\/td><\/tr><tr><td class=\"has-text-align-center\" data-align=\"center\"><strong>Tehnologic\u0103 \/ Tehnic<\/strong><\/td><td class=\"has-text-align-center\" data-align=\"center\">Tehnician proiectant CAD<\/td><td class=\"has-text-align-center\" data-align=\"center\">a IX-a<\/td><td class=\"has-text-align-center\" data-align=\"center\">1<\/td><td class=\"has-text-align-center\" data-align=\"center\">28<\/td><\/tr><tr><td class=\"has-text-align-center\" data-align=\"center\"><strong>Teoretic\u0103 \/ Real<\/strong><\/td><td class=\"has-text-align-center\" data-align=\"center\">\u0218tiin\u021be ale naturii<\/td><td class=\"has-text-align-center\" data-align=\"center\">a IX-a<\/td><td class=\"has-text-align-center\" data-align=\"center\">1<\/td><td class=\"has-text-align-center\" data-align=\"center\">28<\/td><\/tr><tr><td class=\"has-text-align-center\" data-align=\"center\"><strong>Tehnologic\u0103 \/ Tehnic<\/strong><\/td><td class=\"has-text-align-center\" data-align=\"center\">Organizator banqueting<\/td><td class=\"has-text-align-center\" data-align=\"center\">a IX-a<\/td><td class=\"has-text-align-center\" data-align=\"center\">1<\/td><td class=\"has-text-align-center\" data-align=\"center\">28<\/td><\/tr><\/tbody><\/table><\/figure>\n\n\n\n<p class=\"has-text-align-center\" style=\"font-size:16px\">&nbsp;Toate formele de \u00eenv\u0103\u021b\u0103m\u00e2nt sunt cu predare \u00een <strong>Limba Rom\u00e2n\u0103<\/strong>, form\u0103 de \u00eenv\u0103\u021b\u0103m\u00e2nt <strong>Zi<\/strong>, \u0219i sunt <strong>Acreditate<\/strong>. Finan\u021barea locurilor prezentate este asigurat\u0103 de la <strong>Buget<\/strong>.<\/p>\n\n\n\n<p class=\"has-text-align-center\" style=\"font-size:16px\"><br><\/p>\n\n\n\n<p><\/p>\n","protected":false},"excerpt":{"rendered":"<p>Ofert\u0103 Educa\u021bional\u0103: Anul \u0218colar 2026-2027 &#8222;\u00cempreun\u0103 preg\u0103tim viitorul!&#8221; 1. \u00cenv\u0103\u021b\u0103m\u00e2nt Primar \ud83d\udcda Destinat form\u0103rii primelor competen\u021be: Unitatea de \u00cenv\u0103\u021b\u0103m\u00e2nt Clasa &hellip; <\/p>\n","protected":false},"author":1,"featured_media":0,"parent":0,"menu_order":0,"comment_status":"closed","ping_status":"closed","template":"","meta":{"footnotes":""},"class_list":["post-90","page","type-page","status-publish","hentry"],"_links":{"self":[{"href":"https:\/\/liceulrasnov.rdsbv.ro\/wordpress\/wp-json\/wp\/v2\/pages\/90","targetHints":{"allow":["GET"]}}],"collection":[{"href":"https:\/\/liceulrasnov.rdsbv.ro\/wordpress\/wp-json\/wp\/v2\/pages"}],"about":[{"href":"https:\/\/liceulrasnov.rdsbv.ro\/wordpress\/wp-json\/wp\/v2\/types\/page"}],"author":[{"embeddable":true,"href":"https:\/\/liceulrasnov.rdsbv.ro\/wordpress\/wp-json\/wp\/v2\/users\/1"}],"replies":[{"embeddable":true,"href":"https:\/\/liceulrasnov.rdsbv.ro\/wordpress\/wp-json\/wp\/v2\/comments?post=90"}],"version-history":[{"count":43,"href":"https:\/\/liceulrasnov.rdsbv.ro\/wordpress\/wp-json\/wp\/v2\/pages\/90\/revisions"}],"predecessor-version":[{"id":2484,"href":"https:\/\/liceulrasnov.rdsbv.ro\/wordpress\/wp-json\/wp\/v2\/pages\/90\/revisions\/2484"}],"wp:attachment":[{"href":"https:\/\/liceulrasnov.rdsbv.ro\/wordpress\/wp-json\/wp\/v2\/media?parent=90"}],"curies":[{"name":"wp","href":"https:\/\/api.w.org\/{rel}","templated":true}]}}